{"id":1419,"date":"2024-09-20T16:52:23","date_gmt":"2024-09-20T19:52:23","guid":{"rendered":"https:\/\/mercadodelage.com\/?post_type=product&#038;p=1419"},"modified":"2026-04-19T17:19:41","modified_gmt":"2026-04-19T20:19:41","slug":"camiseta-oficial-seleccion-argentina-aoe","status":"publish","type":"product","link":"https:\/\/mercadodelage.com\/en\/product\/camiseta-oficial-seleccion-argentina-aoe\/","title":{"rendered":"Camiseta oficial Selecci\u00f3n Argentina AoE"},"content":{"rendered":"<p>Camiseta oficial de la Selecci\u00f3n Argentina de Age of Empires, dise\u00f1ada para la SAX Nations Cup.<br \/>Auspiciada por Mercado del Age, GamersPoint y Zethex.<\/p>\n<p>Talles disponibles para la pre venta:<br \/>S, M, L, XL<\/p>\n<p>En caso de querer un talle que no est\u00e1 disponible, comunicarse por nuestro canal de instagram oficial:<br \/>www.instagram.com\/mercadodelage<\/p>\n<p>Aclaraci\u00f3n: esto es una pre venta con precio exclusivo. Las camisetas estar\u00e1n disponibles a partir del 20 de octubre para su entrega. Las entregas se ir\u00e1n haciendo por orden de pedido. Agradecemos la paciencia.<\/p>\n<p>Promoci\u00f3n v\u00e1lida hasta agotar stock.<\/p>","protected":false},"excerpt":{"rendered":"<p>Camiseta oficial de la Selecci\u00f3n Argentina de Age of Empires, dise\u00f1ada para la SAX Nations Cup. <br \/>Auspiciada por Mercado del Age y GamersPoint. <\/p>\n<p>Por favor, aclarar el talle de la remera al avanzar con la compra en los comentarios.<br \/>Talles disponibles: S, M, L, XL, 2XL, 3XL<\/p>\n<p>\u00a1Con esta compra estas ayudando a cubrir gastos del equipo de la selecci\u00f3n! Una parte de lo recaudado por las ventas va para ellos. Muchas gracias por bancar.<\/p>","protected":false},"featured_media":1430,"comment_status":"closed","ping_status":"closed","template":"","meta":[],"product_cat":[180],"product_tag":[],"jetpack_sharing_enabled":true,"_links":{"self":[{"href":"https:\/\/mercadodelage.com\/en\/wp-json\/wp\/v2\/product\/1419"}],"collection":[{"href":"https:\/\/mercadodelage.com\/en\/wp-json\/wp\/v2\/product"}],"about":[{"href":"https:\/\/mercadodelage.com\/en\/wp-json\/wp\/v2\/types\/product"}],"replies":[{"embeddable":true,"href":"https:\/\/mercadodelage.com\/en\/wp-json\/wp\/v2\/comments?post=1419"}],"wp:featuredmedia":[{"embeddable":true,"href":"https:\/\/mercadodelage.com\/en\/wp-json\/wp\/v2\/media\/1430"}],"wp:attachment":[{"href":"https:\/\/mercadodelage.com\/en\/wp-json\/wp\/v2\/media?parent=1419"}],"wp:term":[{"taxonomy":"product_cat","embeddable":true,"href":"https:\/\/mercadodelage.com\/en\/wp-json\/wp\/v2\/product_cat?post=1419"},{"taxonomy":"product_tag","embeddable":true,"href":"https:\/\/mercadodelage.com\/en\/wp-json\/wp\/v2\/product_tag?post=1419"}],"curies":[{"name":"wp","href":"https:\/\/api.w.org\/{rel}","templated":true}]}}