{"id":14191,"date":"2025-10-28T01:33:09","date_gmt":"2025-10-28T04:33:09","guid":{"rendered":"https:\/\/mercadodelage.com\/?post_type=product&#038;p=14191"},"modified":"2025-12-12T00:59:45","modified_gmt":"2025-12-12T03:59:45","slug":"kit-de-vinos","status":"publish","type":"product","link":"https:\/\/mercadodelage.com\/en\/product\/kit-de-vinos\/","title":{"rendered":"Kit de vinos (4 piezas)"},"content":{"rendered":"<p>El grabado puede ser el escudo de una civilizaci\u00f3n o algo escrito.<br \/>\u00danicamente aplica a estos modelos:<br \/>&#8211; Alpaca<br \/>&#8211; Barril<br \/>&#8211; Imperial<br \/>&#8211; Camionero<\/p>","protected":false},"excerpt":{"rendered":"<p>Kit para vinos que incluye:<br \/>&#8211; Destapador o sacacorchos (opcional grabado de algo cortito o una civilizaci\u00f3n).<br \/>&#8211; Pico vertedor con tap\u00f3n antigoteo.<br \/>&#8211; Tap\u00f3n met\u00e1lico con cierre herm\u00e9tico.<br \/>&#8211; Anillo recogegotas.<\/p>\n<p>IMPORTANTE:<br \/>Aclarar al momento de finalizar las compras en las &#8220;Notas del pedido&#8221; el contenido del grabado.<\/p>\n<p>&#8212;&#8212;&#8212;&#8212;&#8212;&#8212;&#8212;&#8212;&#8211;<\/p>\n<p>Wine kit that includes: <br \/>&#8211; Bottle opener or corkscrew (optional engraving of something short or a civilization).<br \/>&#8211; Pouring spout with drip-free stopper.<br \/>&#8211; Metal stopper with airtight seal.<br \/>&#8211; Drip-catching ring.<\/p>\n<p>IMPORTANT: Clarify the engraving content in the &#8220;Order Notes&#8221; section at checkout.<\/p>","protected":false},"featured_media":14173,"comment_status":"open","ping_status":"closed","template":"","meta":[],"product_cat":[45],"product_tag":[],"jetpack_sharing_enabled":true,"_links":{"self":[{"href":"https:\/\/mercadodelage.com\/en\/wp-json\/wp\/v2\/product\/14191"}],"collection":[{"href":"https:\/\/mercadodelage.com\/en\/wp-json\/wp\/v2\/product"}],"about":[{"href":"https:\/\/mercadodelage.com\/en\/wp-json\/wp\/v2\/types\/product"}],"replies":[{"embeddable":true,"href":"https:\/\/mercadodelage.com\/en\/wp-json\/wp\/v2\/comments?post=14191"}],"wp:featuredmedia":[{"embeddable":true,"href":"https:\/\/mercadodelage.com\/en\/wp-json\/wp\/v2\/media\/14173"}],"wp:attachment":[{"href":"https:\/\/mercadodelage.com\/en\/wp-json\/wp\/v2\/media?parent=14191"}],"wp:term":[{"taxonomy":"product_cat","embeddable":true,"href":"https:\/\/mercadodelage.com\/en\/wp-json\/wp\/v2\/product_cat?post=14191"},{"taxonomy":"product_tag","embeddable":true,"href":"https:\/\/mercadodelage.com\/en\/wp-json\/wp\/v2\/product_tag?post=14191"}],"curies":[{"name":"wp","href":"https:\/\/api.w.org\/{rel}","templated":true}]}}