{"id":14232,"date":"2025-10-29T01:35:36","date_gmt":"2025-10-29T04:35:36","guid":{"rendered":"https:\/\/mercadodelage.com\/?post_type=product&#038;p=14232"},"modified":"2025-12-26T09:18:26","modified_gmt":"2025-12-26T12:18:26","slug":"edicion-especial-capoch-4","status":"publish","type":"product","link":"https:\/\/mercadodelage.com\/en\/product\/edicion-especial-capoch-4\/","title":{"rendered":"Botella t\u00e9rmica &#8211; CAPOCH (Edici\u00f3n especial)"},"content":{"rendered":"<p>Botella de 0,5 L grabada con el escudo de los Armenios y su unidad \u00fanica.<\/p>\n<p>*Producto sin foto real ya que no fue fabricado nunca.<\/p>","protected":false},"excerpt":{"rendered":"<p>Botella t\u00e9rmica de 0,5 L de aluminio grabada con motivo del pro player Capoch.<br \/>Altura: 23 cm.<br \/>Di\u00e1metro: 6 cm.<br \/>Tapa a rosca.<br \/>Color: negro.<\/p>\n<p>Con esta compra tambi\u00e9n estas ayudando a Capoch!<\/p>\n<p>&#8212;&#8212;&#8212;&#8212;&#8211;<\/p>\n<p>Thermal bottle with 0.5 L capacity made of aluminum engraved with the motif of the pro player Capoch.<br \/>Height: 23 cm. <br \/>Diameter: 6 cm. <br \/>Screw-on lid. <br \/>Color: black.<\/p>\n<p>With this purchase you are also helping Capoch!<\/p>","protected":false},"featured_media":14213,"comment_status":"closed","ping_status":"closed","template":"","meta":[],"product_cat":[79,220],"product_tag":[],"jetpack_sharing_enabled":true,"_links":{"self":[{"href":"https:\/\/mercadodelage.com\/en\/wp-json\/wp\/v2\/product\/14232"}],"collection":[{"href":"https:\/\/mercadodelage.com\/en\/wp-json\/wp\/v2\/product"}],"about":[{"href":"https:\/\/mercadodelage.com\/en\/wp-json\/wp\/v2\/types\/product"}],"replies":[{"embeddable":true,"href":"https:\/\/mercadodelage.com\/en\/wp-json\/wp\/v2\/comments?post=14232"}],"wp:featuredmedia":[{"embeddable":true,"href":"https:\/\/mercadodelage.com\/en\/wp-json\/wp\/v2\/media\/14213"}],"wp:attachment":[{"href":"https:\/\/mercadodelage.com\/en\/wp-json\/wp\/v2\/media?parent=14232"}],"wp:term":[{"taxonomy":"product_cat","embeddable":true,"href":"https:\/\/mercadodelage.com\/en\/wp-json\/wp\/v2\/product_cat?post=14232"},{"taxonomy":"product_tag","embeddable":true,"href":"https:\/\/mercadodelage.com\/en\/wp-json\/wp\/v2\/product_tag?post=14232"}],"curies":[{"name":"wp","href":"https:\/\/api.w.org\/{rel}","templated":true}]}}