{"id":14302,"date":"2025-10-29T01:47:59","date_gmt":"2025-10-29T04:47:59","guid":{"rendered":"https:\/\/mercadodelage.com\/?post_type=product&#038;p=14302"},"modified":"2025-12-26T09:14:59","modified_gmt":"2025-12-26T12:14:59","slug":"edicion-especial-capoch-9","status":"publish","type":"product","link":"https:\/\/mercadodelage.com\/en\/product\/edicion-especial-capoch-9\/","title":{"rendered":"Chop t\u00e9rmico &#8211; CAPOCH (Edici\u00f3n especial)"},"content":{"rendered":"","protected":false},"excerpt":{"rendered":"<p>Chop t\u00e9rmico grabado con motivo del pro player Capoch.<br \/>Capacidad: 700 mL<\/p>\n<p>Con esta compra tambi\u00e9n estas ayudando a Capoch!<\/p>\n<p>&#8212;&#8212;&#8212;&#8212;&#8212;-<\/p>\n<p>Thermal chopsticks engraved with the motif of the pro player Capoch.<br \/>Capacity: 700 mL<\/p>\n<p>With this purchase you are also helping Capoch!<\/p>","protected":false},"featured_media":14216,"comment_status":"open","ping_status":"closed","template":"","meta":[],"product_cat":[166,220],"product_tag":[],"jetpack_sharing_enabled":true,"_links":{"self":[{"href":"https:\/\/mercadodelage.com\/en\/wp-json\/wp\/v2\/product\/14302"}],"collection":[{"href":"https:\/\/mercadodelage.com\/en\/wp-json\/wp\/v2\/product"}],"about":[{"href":"https:\/\/mercadodelage.com\/en\/wp-json\/wp\/v2\/types\/product"}],"replies":[{"embeddable":true,"href":"https:\/\/mercadodelage.com\/en\/wp-json\/wp\/v2\/comments?post=14302"}],"wp:featuredmedia":[{"embeddable":true,"href":"https:\/\/mercadodelage.com\/en\/wp-json\/wp\/v2\/media\/14216"}],"wp:attachment":[{"href":"https:\/\/mercadodelage.com\/en\/wp-json\/wp\/v2\/media?parent=14302"}],"wp:term":[{"taxonomy":"product_cat","embeddable":true,"href":"https:\/\/mercadodelage.com\/en\/wp-json\/wp\/v2\/product_cat?post=14302"},{"taxonomy":"product_tag","embeddable":true,"href":"https:\/\/mercadodelage.com\/en\/wp-json\/wp\/v2\/product_tag?post=14302"}],"curies":[{"name":"wp","href":"https:\/\/api.w.org\/{rel}","templated":true}]}}