{"id":14371,"date":"2025-11-12T00:58:55","date_gmt":"2025-11-12T03:58:55","guid":{"rendered":"https:\/\/mercadodelage.com\/?post_type=product&#038;p=14371"},"modified":"2025-12-26T09:25:05","modified_gmt":"2025-12-26T12:25:05","slug":"edicion-especial-juan-perotti-13","status":"publish","type":"product","link":"https:\/\/mercadodelage.com\/en\/product\/edicion-especial-juan-perotti-13\/","title":{"rendered":"Chop t\u00e9rmico &#8211; Juan Perotti (edici\u00f3n especial)"},"content":{"rendered":"","protected":false},"excerpt":{"rendered":"<p>Chop t\u00e9rmico grabado con motivo del c\u00e1ster Juan Perotti.<br \/>Capacidad: 700 mL<\/p>\n<p>Con esta compra tambi\u00e9n estas ayudando a Juancete!<\/p>\n<p>&#8212;&#8212;&#8212;&#8212;&#8212;-<\/p>\n<p>Thermal chopsticks engraved with the motif of the caster Juan Perotti.<br \/>Capacity: 700 mL<\/p>\n<p>With this purchase you are also helping Juancete!<\/p>","protected":false},"featured_media":14366,"comment_status":"open","ping_status":"closed","template":"","meta":[],"product_cat":[166,221],"product_tag":[],"jetpack_sharing_enabled":true,"_links":{"self":[{"href":"https:\/\/mercadodelage.com\/en\/wp-json\/wp\/v2\/product\/14371"}],"collection":[{"href":"https:\/\/mercadodelage.com\/en\/wp-json\/wp\/v2\/product"}],"about":[{"href":"https:\/\/mercadodelage.com\/en\/wp-json\/wp\/v2\/types\/product"}],"replies":[{"embeddable":true,"href":"https:\/\/mercadodelage.com\/en\/wp-json\/wp\/v2\/comments?post=14371"}],"wp:featuredmedia":[{"embeddable":true,"href":"https:\/\/mercadodelage.com\/en\/wp-json\/wp\/v2\/media\/14366"}],"wp:attachment":[{"href":"https:\/\/mercadodelage.com\/en\/wp-json\/wp\/v2\/media?parent=14371"}],"wp:term":[{"taxonomy":"product_cat","embeddable":true,"href":"https:\/\/mercadodelage.com\/en\/wp-json\/wp\/v2\/product_cat?post=14371"},{"taxonomy":"product_tag","embeddable":true,"href":"https:\/\/mercadodelage.com\/en\/wp-json\/wp\/v2\/product_tag?post=14371"}],"curies":[{"name":"wp","href":"https:\/\/api.w.org\/{rel}","templated":true}]}}