{"id":1751,"date":"2025-08-27T04:00:10","date_gmt":"2025-08-27T07:00:10","guid":{"rendered":"https:\/\/mercadodelage.com\/?post_type=product&#038;p=1751"},"modified":"2025-09-27T03:18:17","modified_gmt":"2025-09-27T06:18:17","slug":"etiopes-2","status":"publish","type":"product","link":"https:\/\/mercadodelage.com\/en\/product\/etiopes-2\/","title":{"rendered":"Et\u00edopes"},"content":{"rendered":"<p>Chop civilizaci\u00f3n Polacos sin caja<\/p>\n<p>*A\u00fan sin foto ya que nunca se hizo este producto. El producto final es como el resto de los chops, pero con el escudo Polaco grabado en el vidrio.<\/p>","protected":false},"excerpt":{"rendered":"<p>Chop Holand\u00e9s de 350 ml grabado con el escudo de la civilizaci\u00f3n Et\u00edopes. <\/p>\n<p>El producto no incluye caja (se puede comprar aparte en la secci\u00f3n &#8220;Otros productos&#8221;).<\/p>\n<p>Aclaraci\u00f3n: los grabados se mandan a hacer a pedido, por lo que el tiempo de espera de este producto es de al menos 10 d\u00edas.<\/p>\n<p>*A\u00fan sin foto ya que nunca se hizo este producto. El producto final es como el resto de los chops, pero con el escudo de los Et\u00edopes grabado en el vidrio.<\/p>","protected":false},"featured_media":801,"comment_status":"closed","ping_status":"closed","template":"","meta":[],"product_cat":[42,35],"product_tag":[],"jetpack_sharing_enabled":true,"_links":{"self":[{"href":"https:\/\/mercadodelage.com\/en\/wp-json\/wp\/v2\/product\/1751"}],"collection":[{"href":"https:\/\/mercadodelage.com\/en\/wp-json\/wp\/v2\/product"}],"about":[{"href":"https:\/\/mercadodelage.com\/en\/wp-json\/wp\/v2\/types\/product"}],"replies":[{"embeddable":true,"href":"https:\/\/mercadodelage.com\/en\/wp-json\/wp\/v2\/comments?post=1751"}],"wp:featuredmedia":[{"embeddable":true,"href":"https:\/\/mercadodelage.com\/en\/wp-json\/wp\/v2\/media\/801"}],"wp:attachment":[{"href":"https:\/\/mercadodelage.com\/en\/wp-json\/wp\/v2\/media?parent=1751"}],"wp:term":[{"taxonomy":"product_cat","embeddable":true,"href":"https:\/\/mercadodelage.com\/en\/wp-json\/wp\/v2\/product_cat?post=1751"},{"taxonomy":"product_tag","embeddable":true,"href":"https:\/\/mercadodelage.com\/en\/wp-json\/wp\/v2\/product_tag?post=1751"}],"curies":[{"name":"wp","href":"https:\/\/api.w.org\/{rel}","templated":true}]}}