{"id":1835,"date":"2025-08-28T01:48:53","date_gmt":"2025-08-28T04:48:53","guid":{"rendered":"https:\/\/mercadodelage.com\/?post_type=product&#038;p=1835"},"modified":"2025-10-01T04:16:46","modified_gmt":"2025-10-01T07:16:46","slug":"armenios-13","status":"publish","type":"product","link":"https:\/\/mercadodelage.com\/en\/product\/armenios-13\/","title":{"rendered":"Armenios"},"content":{"rendered":"<p>Escudo de madera hecho a mano de 8 cm de di\u00e1metro.<\/p>\n<p>El escudo viene solo. Pod\u00e9s acompa\u00f1arlo con un cuadro para colgarlo en la secci\u00f3n &#8220;Otros productos&#8221;<\/p>\n<p>*Este producto al ser una artesan\u00eda podr\u00eda sufrir demoras de tiempo en su producci\u00f3n.<\/p>","protected":false},"excerpt":{"rendered":"<p>Escudo realizado en madera de 8 cm de di\u00e1metro.<br \/>Fondo pintado usando un aer\u00f3grafo con pintura acr\u00edlica.<br \/>Le\u00f3n y cruz pintada con pintura acr\u00edlica.<br \/>Marco pintrado con aerosol metalizado color oro.<\/p>\n<p>El escudo viene solo. Pod\u00e9s acompa\u00f1arlo con un cuadro para colgarlo en la secci\u00f3n &#8220;Otros productos&#8221;<\/p>\n<p>*Este producto al ser una artesan\u00eda podr\u00eda sufrir demoras de tiempo en su producci\u00f3n.<\/p>\n<p>&#8212;&#8212;&#8212;&#8212;&#8212;&#8212;&#8212;&#8212;<\/p>\n<p>Shield made of wood with 8 cm in diameter.<br \/>Background painted using an airbrush with acrylic paint.<br \/>Lion and cross painted with acrylic paint.<br \/>Frame painted with gold metallic spray.<\/p>\n<p>The shield comes alone. You can add a picture to hang it in the &#8220;Other Products&#8221; section.<\/p>\n<p>*Because this product is a handcraft, it may experience delays in production.<\/p>","protected":false},"featured_media":1778,"comment_status":"closed","ping_status":"closed","template":"","meta":[],"product_cat":[81],"product_tag":[],"jetpack_sharing_enabled":true,"_links":{"self":[{"href":"https:\/\/mercadodelage.com\/en\/wp-json\/wp\/v2\/product\/1835"}],"collection":[{"href":"https:\/\/mercadodelage.com\/en\/wp-json\/wp\/v2\/product"}],"about":[{"href":"https:\/\/mercadodelage.com\/en\/wp-json\/wp\/v2\/types\/product"}],"replies":[{"embeddable":true,"href":"https:\/\/mercadodelage.com\/en\/wp-json\/wp\/v2\/comments?post=1835"}],"wp:featuredmedia":[{"embeddable":true,"href":"https:\/\/mercadodelage.com\/en\/wp-json\/wp\/v2\/media\/1778"}],"wp:attachment":[{"href":"https:\/\/mercadodelage.com\/en\/wp-json\/wp\/v2\/media?parent=1835"}],"wp:term":[{"taxonomy":"product_cat","embeddable":true,"href":"https:\/\/mercadodelage.com\/en\/wp-json\/wp\/v2\/product_cat?post=1835"},{"taxonomy":"product_tag","embeddable":true,"href":"https:\/\/mercadodelage.com\/en\/wp-json\/wp\/v2\/product_tag?post=1835"}],"curies":[{"name":"wp","href":"https:\/\/api.w.org\/{rel}","templated":true}]}}