{"id":1836,"date":"2025-08-28T01:52:08","date_gmt":"2025-08-28T04:52:08","guid":{"rendered":"https:\/\/mercadodelage.com\/?post_type=product&#038;p=1836"},"modified":"2025-10-01T04:16:47","modified_gmt":"2025-10-01T07:16:47","slug":"armenios-14","status":"publish","type":"product","link":"https:\/\/mercadodelage.com\/en\/product\/armenios-14\/","title":{"rendered":"Armenios"},"content":{"rendered":"<p>Escudo de madera hecho a mano de 20 cm de di\u00e1metro.<\/p>\n<p>El escudo viene solo. Pod\u00e9s acompa\u00f1arlo con un cuadro para colgarlo en la secci\u00f3n &#8220;Otros productos&#8221;<\/p>\n<p>*Este producto al ser una artesan\u00eda podr\u00eda sufrir demoras de tiempo en su producci\u00f3n.<\/p>","protected":false},"excerpt":{"rendered":"<p>Escudo de madera hecho a mano de 20 cm de di\u00e1metro.<\/p>\n<p>El escudo viene solo. Pod\u00e9s acompa\u00f1arlo con un cuadro para colgarlo en la secci\u00f3n &#8220;Otros productos&#8221;<\/p>\n<p>*Este producto al ser una artesan\u00eda podr\u00eda sufrir demoras de tiempo en su producci\u00f3n.<\/p>","protected":false},"featured_media":1778,"comment_status":"closed","ping_status":"closed","template":"","meta":[],"product_cat":[82],"product_tag":[],"jetpack_sharing_enabled":true,"_links":{"self":[{"href":"https:\/\/mercadodelage.com\/en\/wp-json\/wp\/v2\/product\/1836"}],"collection":[{"href":"https:\/\/mercadodelage.com\/en\/wp-json\/wp\/v2\/product"}],"about":[{"href":"https:\/\/mercadodelage.com\/en\/wp-json\/wp\/v2\/types\/product"}],"replies":[{"embeddable":true,"href":"https:\/\/mercadodelage.com\/en\/wp-json\/wp\/v2\/comments?post=1836"}],"wp:featuredmedia":[{"embeddable":true,"href":"https:\/\/mercadodelage.com\/en\/wp-json\/wp\/v2\/media\/1778"}],"wp:attachment":[{"href":"https:\/\/mercadodelage.com\/en\/wp-json\/wp\/v2\/media?parent=1836"}],"wp:term":[{"taxonomy":"product_cat","embeddable":true,"href":"https:\/\/mercadodelage.com\/en\/wp-json\/wp\/v2\/product_cat?post=1836"},{"taxonomy":"product_tag","embeddable":true,"href":"https:\/\/mercadodelage.com\/en\/wp-json\/wp\/v2\/product_tag?post=1836"}],"curies":[{"name":"wp","href":"https:\/\/api.w.org\/{rel}","templated":true}]}}