{"id":1912,"date":"2025-08-29T01:50:39","date_gmt":"2025-08-29T04:50:39","guid":{"rendered":"https:\/\/mercadodelage.com\/?post_type=product&#038;p=1912"},"modified":"2025-09-27T18:38:19","modified_gmt":"2025-09-27T21:38:19","slug":"etiopes-4","status":"publish","type":"product","link":"https:\/\/mercadodelage.com\/en\/product\/etiopes-4\/","title":{"rendered":"Et\u00edopes"},"content":{"rendered":"<p>Escudo de madera hecho a mano de 8 cm de di\u00e1metro.<\/p>\n<p>El escudo viene solo. Pod\u00e9s acompa\u00f1arlo con un cuadro para colgarlo en la secci\u00f3n &#8220;Otros productos&#8221;<\/p>\n<p>*Este producto al ser una artesan\u00eda podr\u00eda sufrir demoras de tiempo en su producci\u00f3n.<\/p>","protected":false},"excerpt":{"rendered":"<p>Escudo realizado en madera de 20 cm de di\u00e1metro.<br \/>Fondo pintado usando un aer\u00f3grafo.<br \/>Cruces y simbolos pintados con aerosol.<br \/>Marco pintado con aerosol.<br \/>Umbo realizado en metal.<\/p>\n<p>El escudo viene solo. Pod\u00e9s acompa\u00f1arlo con un cuadro para colgarlo en la secci\u00f3n &#8220;Otros productos&#8221;<\/p>\n<p>*Este producto al ser una artesan\u00eda podr\u00eda sufrir demoras de tiempo en su producci\u00f3n.<\/p>\n<p>&#8212;&#8212;&#8212;&#8212;&#8212;&#8212;&#8212;&#8212;<\/p>\n<p>Shield made of wood with 20 cm in diameter.<br \/>Background painted using an airbrush.<br \/>Crosses and symbols painted with spray.<br \/>Spray painted frame.<br \/>Umbo made of metal.<\/p>\n<p>The shield comes alone. You can add a picture to hang it in the &#8220;Other Products&#8221; section.<\/p>\n<p>*Because this product is a handcraft, it may experience delays in production.<\/p>","protected":false},"featured_media":1795,"comment_status":"closed","ping_status":"closed","template":"","meta":[],"product_cat":[82],"product_tag":[],"jetpack_sharing_enabled":true,"_links":{"self":[{"href":"https:\/\/mercadodelage.com\/en\/wp-json\/wp\/v2\/product\/1912"}],"collection":[{"href":"https:\/\/mercadodelage.com\/en\/wp-json\/wp\/v2\/product"}],"about":[{"href":"https:\/\/mercadodelage.com\/en\/wp-json\/wp\/v2\/types\/product"}],"replies":[{"embeddable":true,"href":"https:\/\/mercadodelage.com\/en\/wp-json\/wp\/v2\/comments?post=1912"}],"wp:featuredmedia":[{"embeddable":true,"href":"https:\/\/mercadodelage.com\/en\/wp-json\/wp\/v2\/media\/1795"}],"wp:attachment":[{"href":"https:\/\/mercadodelage.com\/en\/wp-json\/wp\/v2\/media?parent=1912"}],"wp:term":[{"taxonomy":"product_cat","embeddable":true,"href":"https:\/\/mercadodelage.com\/en\/wp-json\/wp\/v2\/product_cat?post=1912"},{"taxonomy":"product_tag","embeddable":true,"href":"https:\/\/mercadodelage.com\/en\/wp-json\/wp\/v2\/product_tag?post=1912"}],"curies":[{"name":"wp","href":"https:\/\/api.w.org\/{rel}","templated":true}]}}