{"id":4451,"date":"2025-10-03T18:55:39","date_gmt":"2025-10-03T21:55:39","guid":{"rendered":"https:\/\/mercadodelage.com\/?post_type=product&#038;p=4451"},"modified":"2025-10-04T02:11:38","modified_gmt":"2025-10-04T05:11:38","slug":"bulgaros-12","status":"publish","type":"product","link":"https:\/\/mercadodelage.com\/en\/product\/bulgaros-12\/","title":{"rendered":"B\u00falgaros"},"content":{"rendered":"","protected":false},"excerpt":{"rendered":"<p>Chop t\u00e9rmico con motivo de los B\u00falgaros.<br \/>Capacidad: 700 mL<\/p>\n<p>*A\u00fan sin foto real ya que el producto no fue fabricado.<\/p>\n<p>&#8212;&#8212;&#8212;&#8212;&#8212;-<\/p>\n<p>Thermal chopsticks with Bulgarians motif. <br \/>Capacity: 700 mL<\/p>\n<p>*No real photo yet as the product was not manufactured.<\/p>","protected":false},"featured_media":4413,"comment_status":"open","ping_status":"closed","template":"","meta":[],"product_cat":[166],"product_tag":[],"jetpack_sharing_enabled":true,"_links":{"self":[{"href":"https:\/\/mercadodelage.com\/en\/wp-json\/wp\/v2\/product\/4451"}],"collection":[{"href":"https:\/\/mercadodelage.com\/en\/wp-json\/wp\/v2\/product"}],"about":[{"href":"https:\/\/mercadodelage.com\/en\/wp-json\/wp\/v2\/types\/product"}],"replies":[{"embeddable":true,"href":"https:\/\/mercadodelage.com\/en\/wp-json\/wp\/v2\/comments?post=4451"}],"wp:featuredmedia":[{"embeddable":true,"href":"https:\/\/mercadodelage.com\/en\/wp-json\/wp\/v2\/media\/4413"}],"wp:attachment":[{"href":"https:\/\/mercadodelage.com\/en\/wp-json\/wp\/v2\/media?parent=4451"}],"wp:term":[{"taxonomy":"product_cat","embeddable":true,"href":"https:\/\/mercadodelage.com\/en\/wp-json\/wp\/v2\/product_cat?post=4451"},{"taxonomy":"product_tag","embeddable":true,"href":"https:\/\/mercadodelage.com\/en\/wp-json\/wp\/v2\/product_tag?post=4451"}],"curies":[{"name":"wp","href":"https:\/\/api.w.org\/{rel}","templated":true}]}}