{"id":4452,"date":"2025-10-03T18:56:10","date_gmt":"2025-10-03T21:56:10","guid":{"rendered":"https:\/\/mercadodelage.com\/?post_type=product&#038;p=4452"},"modified":"2025-10-04T02:11:34","modified_gmt":"2025-10-04T05:11:34","slug":"borgonones-11","status":"publish","type":"product","link":"https:\/\/mercadodelage.com\/en\/product\/borgonones-11\/","title":{"rendered":"Borgo\u00f1ones"},"content":{"rendered":"","protected":false},"excerpt":{"rendered":"<p>Chop t\u00e9rmico con motivo de los Borgo\u00f1ones.<br \/>Capacidad: 700 mL<\/p>\n<p>*A\u00fan sin foto real ya que el producto no fue fabricado.<\/p>\n<p>&#8212;&#8212;&#8212;&#8212;&#8212;-<\/p>\n<p>Thermal chopsticks with Burgundians motif. <br \/>Capacity: 700 mL<\/p>\n<p>*No real photo yet as the product was not manufactured.<\/p>","protected":false},"featured_media":4413,"comment_status":"open","ping_status":"closed","template":"","meta":[],"product_cat":[166],"product_tag":[],"jetpack_sharing_enabled":true,"_links":{"self":[{"href":"https:\/\/mercadodelage.com\/en\/wp-json\/wp\/v2\/product\/4452"}],"collection":[{"href":"https:\/\/mercadodelage.com\/en\/wp-json\/wp\/v2\/product"}],"about":[{"href":"https:\/\/mercadodelage.com\/en\/wp-json\/wp\/v2\/types\/product"}],"replies":[{"embeddable":true,"href":"https:\/\/mercadodelage.com\/en\/wp-json\/wp\/v2\/comments?post=4452"}],"wp:featuredmedia":[{"embeddable":true,"href":"https:\/\/mercadodelage.com\/en\/wp-json\/wp\/v2\/media\/4413"}],"wp:attachment":[{"href":"https:\/\/mercadodelage.com\/en\/wp-json\/wp\/v2\/media?parent=4452"}],"wp:term":[{"taxonomy":"product_cat","embeddable":true,"href":"https:\/\/mercadodelage.com\/en\/wp-json\/wp\/v2\/product_cat?post=4452"},{"taxonomy":"product_tag","embeddable":true,"href":"https:\/\/mercadodelage.com\/en\/wp-json\/wp\/v2\/product_tag?post=4452"}],"curies":[{"name":"wp","href":"https:\/\/api.w.org\/{rel}","templated":true}]}}