{"id":4966,"date":"2025-10-07T00:30:00","date_gmt":"2025-10-07T03:30:00","guid":{"rendered":"https:\/\/mercadodelage.com\/?post_type=product&#038;p=4966"},"modified":"2025-10-28T01:25:36","modified_gmt":"2025-10-28T04:25:36","slug":"persas-14","status":"publish","type":"product","link":"https:\/\/mercadodelage.com\/en\/product\/persas-14\/","title":{"rendered":"Persas"},"content":{"rendered":"<p>Mate recto de acero grabado con el escudo de los .<\/p>\n<p>El mate viene solo, sin ning\u00fan otro agregado. Si quer\u00e9s acompa\u00f1arlo con algo, buscalo en nuestro productos!<\/p>\n<p>*A\u00fan sin foto ya que nunca se hizo este producto. El producto final es como el resto de los mates, pero con el escudo de los Armenios grabado.<\/p>","protected":false},"excerpt":{"rendered":"<p>Mate Copita de algarrobo grabado con el escudo de los Persas.<\/p>\n<p>Opcional: combo caja grabada con bombilla chata o premium grabada.<\/p>\n<p>&#8212;&#8212;&#8212;&#8212;-<\/p>\n<p>Mate cup made of carob wood engraved with the Persians coat of arms.<\/p>\n<p>Optional: engraved box combo with engraved flat straw<\/p>\n<p>Optional: engraved box combo with a flat or premium engraved straw.<\/p>","protected":false},"featured_media":4423,"comment_status":"open","ping_status":"closed","template":"","meta":[],"product_cat":[62],"product_tag":[],"jetpack_sharing_enabled":true,"_links":{"self":[{"href":"https:\/\/mercadodelage.com\/en\/wp-json\/wp\/v2\/product\/4966"}],"collection":[{"href":"https:\/\/mercadodelage.com\/en\/wp-json\/wp\/v2\/product"}],"about":[{"href":"https:\/\/mercadodelage.com\/en\/wp-json\/wp\/v2\/types\/product"}],"replies":[{"embeddable":true,"href":"https:\/\/mercadodelage.com\/en\/wp-json\/wp\/v2\/comments?post=4966"}],"wp:featuredmedia":[{"embeddable":true,"href":"https:\/\/mercadodelage.com\/en\/wp-json\/wp\/v2\/media\/4423"}],"wp:attachment":[{"href":"https:\/\/mercadodelage.com\/en\/wp-json\/wp\/v2\/media?parent=4966"}],"wp:term":[{"taxonomy":"product_cat","embeddable":true,"href":"https:\/\/mercadodelage.com\/en\/wp-json\/wp\/v2\/product_cat?post=4966"},{"taxonomy":"product_tag","embeddable":true,"href":"https:\/\/mercadodelage.com\/en\/wp-json\/wp\/v2\/product_tag?post=4966"}],"curies":[{"name":"wp","href":"https:\/\/api.w.org\/{rel}","templated":true}]}}