{"id":8279,"date":"2025-10-09T01:13:38","date_gmt":"2025-10-09T04:13:38","guid":{"rendered":"https:\/\/mercadodelage.com\/?post_type=product&#038;p=8279"},"modified":"2025-10-09T01:13:57","modified_gmt":"2025-10-09T04:13:57","slug":"etiopes-11","status":"publish","type":"product","link":"https:\/\/mercadodelage.com\/en\/product\/etiopes-11\/","title":{"rendered":"Et\u00edopes"},"content":{"rendered":"<p>Mate Imperial forrado de alpaca grabado con el escudo de los Armenios.<\/p>\n<p>El mate viene \u00fanicamente con la virola, sin ning\u00fan otro agregado. Si quer\u00e9s acompa\u00f1arlo con algo, buscalo en nuestro productos!<\/p>\n<p>*A\u00fan sin foto ya que nunca se hizo este producto. El producto final es como el resto de los mates, pero con el escudo de los Armenios grabado.<\/p>","protected":false},"excerpt":{"rendered":"<p>Mate de calabaza forrado de alpaca con virola grabada con motivo de los Et\u00edopes.<\/p>\n<p>Opcional: Combo caja grabada con bombilla chata grabada.<\/p>\n<p>*A\u00fan sin foto real, ya que nunca fue fabricado.<\/p>\n<p>&#8212;&#8212;&#8212;&#8212;&#8212;-<\/p>\n<p>A gourd mate cup lined with alpaca and a ferrule engraved with the Ethiopians motif. <\/p>\n<p>Optional: Combo engraved box with engraved flat straw.<\/p>\n<p>*No real photo yet, as it was never manufactured.<\/p>","protected":false},"featured_media":4436,"comment_status":"open","ping_status":"closed","template":"","meta":[],"product_cat":[67],"product_tag":[],"jetpack_sharing_enabled":true,"_links":{"self":[{"href":"https:\/\/mercadodelage.com\/en\/wp-json\/wp\/v2\/product\/8279"}],"collection":[{"href":"https:\/\/mercadodelage.com\/en\/wp-json\/wp\/v2\/product"}],"about":[{"href":"https:\/\/mercadodelage.com\/en\/wp-json\/wp\/v2\/types\/product"}],"replies":[{"embeddable":true,"href":"https:\/\/mercadodelage.com\/en\/wp-json\/wp\/v2\/comments?post=8279"}],"wp:featuredmedia":[{"embeddable":true,"href":"https:\/\/mercadodelage.com\/en\/wp-json\/wp\/v2\/media\/4436"}],"wp:attachment":[{"href":"https:\/\/mercadodelage.com\/en\/wp-json\/wp\/v2\/media?parent=8279"}],"wp:term":[{"taxonomy":"product_cat","embeddable":true,"href":"https:\/\/mercadodelage.com\/en\/wp-json\/wp\/v2\/product_cat?post=8279"},{"taxonomy":"product_tag","embeddable":true,"href":"https:\/\/mercadodelage.com\/en\/wp-json\/wp\/v2\/product_tag?post=8279"}],"curies":[{"name":"wp","href":"https:\/\/api.w.org\/{rel}","templated":true}]}}