{"id":8947,"date":"2025-10-09T15:54:14","date_gmt":"2025-10-09T18:54:14","guid":{"rendered":"https:\/\/mercadodelage.com\/?post_type=product&#038;p=8947"},"modified":"2025-10-09T15:54:35","modified_gmt":"2025-10-09T18:54:35","slug":"bereberes-14","status":"publish","type":"product","link":"https:\/\/mercadodelage.com\/en\/product\/bereberes-14\/","title":{"rendered":"Bereberes"},"content":{"rendered":"<p>Mate recto de acero grabado con el escudo de los Armenios.<\/p>\n<p>El mate viene solo, sin ning\u00fan otro agregado. Si quer\u00e9s acompa\u00f1arlo con algo, buscalo en nuestro productos!<\/p>\n<p>*A\u00fan sin foto ya que nunca se hizo este producto. El producto final es como el resto de los mates, pero con el escudo de los Armenios grabado.<\/p>","protected":false},"excerpt":{"rendered":"<p>Mate Copita de acero grabado con el escudo de los Bereberes.<\/p>\n<p>Opcional: Combo caja grabada con bombilla chata o premium grabada.<\/p>\n<p>*A\u00fan sin foto real, ya que nunca fue fabricado.<\/p>\n<p>&#8212;&#8212;&#8212;&#8212;&#8212;&#8212;-<\/p>\n<p>Steel Mate Cup engraved with the Berbers coat of arms. <\/p>\n<p>Optional: Engraved box combo with an engraved flat straw or premium straw. <\/p>\n<p>*Actual photo not yet available, as it was never manufactured.<\/p>","protected":false},"featured_media":6966,"comment_status":"open","ping_status":"closed","template":"","meta":[],"product_cat":[60],"product_tag":[],"jetpack_sharing_enabled":true,"_links":{"self":[{"href":"https:\/\/mercadodelage.com\/en\/wp-json\/wp\/v2\/product\/8947"}],"collection":[{"href":"https:\/\/mercadodelage.com\/en\/wp-json\/wp\/v2\/product"}],"about":[{"href":"https:\/\/mercadodelage.com\/en\/wp-json\/wp\/v2\/types\/product"}],"replies":[{"embeddable":true,"href":"https:\/\/mercadodelage.com\/en\/wp-json\/wp\/v2\/comments?post=8947"}],"wp:featuredmedia":[{"embeddable":true,"href":"https:\/\/mercadodelage.com\/en\/wp-json\/wp\/v2\/media\/6966"}],"wp:attachment":[{"href":"https:\/\/mercadodelage.com\/en\/wp-json\/wp\/v2\/media?parent=8947"}],"wp:term":[{"taxonomy":"product_cat","embeddable":true,"href":"https:\/\/mercadodelage.com\/en\/wp-json\/wp\/v2\/product_cat?post=8947"},{"taxonomy":"product_tag","embeddable":true,"href":"https:\/\/mercadodelage.com\/en\/wp-json\/wp\/v2\/product_tag?post=8947"}],"curies":[{"name":"wp","href":"https:\/\/api.w.org\/{rel}","templated":true}]}}